{"id":67,"date":"2021-03-22T20:57:12","date_gmt":"2021-03-22T19:57:12","guid":{"rendered":"http:\/\/www.psccoaching.fr\/?page_id=67"},"modified":"2021-03-23T13:56:00","modified_gmt":"2021-03-23T12:56:00","slug":"tests-physiques","status":"publish","type":"page","link":"https:\/\/www.psccoaching.fr\/index.php\/tests-physiques\/","title":{"rendered":"Tests physiques"},"content":{"rendered":"\n<p>Postural<\/p>\n\n\n\n<p><\/p>\n\n\n\n<p>Tests de mobilit\u00e9<\/p>\n\n\n\n<p>Cheville<\/p>\n\n\n\n<p>Hanche (rotations)<\/p>\n\n\n\n<p>Hanche (squat)<\/p>\n\n\n\n<p>\u00c9paule (rotation interne)<\/p>\n\n\n\n<p>\u00c9paule (rotation externe)<\/p>\n\n\n\n<p>\u00c9paule (Overhead)<\/p>\n\n\n\n<p>\u00c9paule &#8211; Hanche (Overhead wall)<\/p>\n\n\n\n<p>Rachis (cervical)<\/p>\n\n\n\n<p>Rachis thoracique<\/p>\n\n\n\n<p><\/p>\n","protected":false},"excerpt":{"rendered":"<p>Postural Tests de mobilit\u00e9 Cheville Hanche (rotations) Hanche (squat) \u00c9paule (rotation interne) \u00c9paule (rotation externe) \u00c9paule (Overhead) \u00c9paule &#8211; Hanche (Overhead wall) Rachis (cervical) Rachis thoracique<\/p>\n","protected":false},"author":1,"featured_media":0,"parent":0,"menu_order":0,"comment_status":"closed","ping_status":"closed","template":"","meta":{"footnotes":""},"class_list":["post-67","page","type-page","status-publish","hentry"],"_links":{"self":[{"href":"https:\/\/www.psccoaching.fr\/index.php\/wp-json\/wp\/v2\/pages\/67","targetHints":{"allow":["GET"]}}],"collection":[{"href":"https:\/\/www.psccoaching.fr\/index.php\/wp-json\/wp\/v2\/pages"}],"about":[{"href":"https:\/\/www.psccoaching.fr\/index.php\/wp-json\/wp\/v2\/types\/page"}],"author":[{"embeddable":true,"href":"https:\/\/www.psccoaching.fr\/index.php\/wp-json\/wp\/v2\/users\/1"}],"replies":[{"embeddable":true,"href":"https:\/\/www.psccoaching.fr\/index.php\/wp-json\/wp\/v2\/comments?post=67"}],"version-history":[{"count":3,"href":"https:\/\/www.psccoaching.fr\/index.php\/wp-json\/wp\/v2\/pages\/67\/revisions"}],"predecessor-version":[{"id":76,"href":"https:\/\/www.psccoaching.fr\/index.php\/wp-json\/wp\/v2\/pages\/67\/revisions\/76"}],"wp:attachment":[{"href":"https:\/\/www.psccoaching.fr\/index.php\/wp-json\/wp\/v2\/media?parent=67"}],"curies":[{"name":"wp","href":"https:\/\/api.w.org\/{rel}","templated":true}]}}