{"id":279,"date":"2021-05-05T15:13:26","date_gmt":"2021-05-05T13:13:26","guid":{"rendered":"http:\/\/www.psccoaching.fr\/?page_id=279"},"modified":"2021-05-25T11:51:15","modified_gmt":"2021-05-25T09:51:15","slug":"la-salle","status":"publish","type":"page","link":"https:\/\/www.psccoaching.fr\/index.php\/la-salle\/","title":{"rendered":"LA SALLE"},"content":{"rendered":"\n<figure class=\"wp-block-image size-large\"><img loading=\"lazy\" decoding=\"async\" width=\"1024\" height=\"768\" src=\"http:\/\/www.psccoaching.fr\/wp-content\/uploads\/2021\/05\/WhatsApp-Image-2021-05-25-at-11.44.31-1024x768.jpeg\" alt=\"\" class=\"wp-image-298\" srcset=\"https:\/\/www.psccoaching.fr\/wp-content\/uploads\/2021\/05\/WhatsApp-Image-2021-05-25-at-11.44.31-1024x768.jpeg 1024w, https:\/\/www.psccoaching.fr\/wp-content\/uploads\/2021\/05\/WhatsApp-Image-2021-05-25-at-11.44.31-300x225.jpeg 300w, https:\/\/www.psccoaching.fr\/wp-content\/uploads\/2021\/05\/WhatsApp-Image-2021-05-25-at-11.44.31-768x576.jpeg 768w, https:\/\/www.psccoaching.fr\/wp-content\/uploads\/2021\/05\/WhatsApp-Image-2021-05-25-at-11.44.31-1536x1152.jpeg 1536w, https:\/\/www.psccoaching.fr\/wp-content\/uploads\/2021\/05\/WhatsApp-Image-2021-05-25-at-11.44.31.jpeg 1600w\" sizes=\"auto, (max-width: 1024px) 100vw, 1024px\" \/><\/figure>\n\n\n\n<p>Nous vous accueillons dans un espace de 130 m2 enti\u00e8rement r\u00e9nov\u00e9, offrant un mat\u00e9riel sportif important et de qualit\u00e9.<br>\u2022 Plateaux d\u2019halt\u00e9rophilie<br>\u2022 Barres d\u2019halt\u00e9rophilie, de force, mixtes, sp\u00e9ciales (hexagonale, safety, barre Z)<br>\u2022 Rack \u00e0 squat \/ Banc \u00e0 d\u00e9velopp\u00e9 couch\u00e9<br>\u2022 Halt\u00e8res (1kg ; 5kg ; 7.5kg ; 10kg \u2026.) et Kettelbel (8kg ; 12kg et 20kg)<br>\u2022 Appareils cardio : rameur, ski erg, air bike, tapis de course<br>\u2022 Petits mat\u00e9riels de pr\u00e9paration physique : bosu, \u00e9lastiques, rouleaux de massage, m\u00e9decine ball, swiss ball, haies, box \u2026<br>Pro Sport Concept est \u00e9galement \u00e9quip\u00e9 d\u2019un mat\u00e9riel de haute performance afin de mettre la pr\u00e9paration physique au service de la performance :<br>\u2022 Appareils de mesure pour la performance sportive : appareil d\u2019\u00e9lectrostimulation, GPS, BEAST, cellule photo \u00e9lectrique, myotest, mesure de lactate \u00e9mis sanguin, polar<\/p>\n\n\n\n<p>\u2022 Machines iso inertielles (la Kbox et la kPulley)<\/p>\n\n\n\n<figure class=\"wp-block-image size-large\"><img loading=\"lazy\" decoding=\"async\" width=\"558\" height=\"1024\" src=\"http:\/\/www.psccoaching.fr\/wp-content\/uploads\/2021\/05\/Capture-de\u0301cran-2021-05-25-a\u0300-11.50.24-558x1024.png\" alt=\"\" class=\"wp-image-300\" srcset=\"https:\/\/www.psccoaching.fr\/wp-content\/uploads\/2021\/05\/Capture-de\u0301cran-2021-05-25-a\u0300-11.50.24-558x1024.png 558w, https:\/\/www.psccoaching.fr\/wp-content\/uploads\/2021\/05\/Capture-de\u0301cran-2021-05-25-a\u0300-11.50.24-164x300.png 164w, https:\/\/www.psccoaching.fr\/wp-content\/uploads\/2021\/05\/Capture-de\u0301cran-2021-05-25-a\u0300-11.50.24-768x1409.png 768w, https:\/\/www.psccoaching.fr\/wp-content\/uploads\/2021\/05\/Capture-de\u0301cran-2021-05-25-a\u0300-11.50.24.png 774w\" sizes=\"auto, (max-width: 558px) 100vw, 558px\" \/><\/figure>\n\n\n\n<p>Machine KEISER multifonctionnel <\/p>\n\n\n\n<figure class=\"wp-block-image size-large\"><img loading=\"lazy\" decoding=\"async\" width=\"836\" height=\"1024\" src=\"http:\/\/www.psccoaching.fr\/wp-content\/uploads\/2021\/05\/Capture-de\u0301cran-2021-05-25-a\u0300-11.49.38-836x1024.png\" alt=\"\" class=\"wp-image-299\" srcset=\"https:\/\/www.psccoaching.fr\/wp-content\/uploads\/2021\/05\/Capture-de\u0301cran-2021-05-25-a\u0300-11.49.38-836x1024.png 836w, https:\/\/www.psccoaching.fr\/wp-content\/uploads\/2021\/05\/Capture-de\u0301cran-2021-05-25-a\u0300-11.49.38-245x300.png 245w, https:\/\/www.psccoaching.fr\/wp-content\/uploads\/2021\/05\/Capture-de\u0301cran-2021-05-25-a\u0300-11.49.38-768x941.png 768w, https:\/\/www.psccoaching.fr\/wp-content\/uploads\/2021\/05\/Capture-de\u0301cran-2021-05-25-a\u0300-11.49.38.png 1156w\" sizes=\"auto, (max-width: 836px) 100vw, 836px\" \/><\/figure>\n","protected":false},"excerpt":{"rendered":"<p>Nous vous accueillons dans un espace de 130 m2 enti\u00e8rement r\u00e9nov\u00e9, offrant un mat\u00e9riel sportif important et de qualit\u00e9.\u2022 Plateaux d\u2019halt\u00e9rophilie\u2022 Barres d\u2019halt\u00e9rophilie, de force, mixtes, sp\u00e9ciales (hexagonale, safety, barre Z)\u2022 Rack \u00e0 squat \/ Banc \u00e0 d\u00e9velopp\u00e9 couch\u00e9\u2022 Halt\u00e8res (1kg ; 5kg ; 7.5kg ; 10kg \u2026.) et Kettelbel (8kg ; 12kg et 20kg)\u2022 [&hellip;]<\/p>\n","protected":false},"author":1,"featured_media":0,"parent":0,"menu_order":0,"comment_status":"closed","ping_status":"closed","template":"","meta":{"footnotes":""},"class_list":["post-279","page","type-page","status-publish","hentry"],"_links":{"self":[{"href":"https:\/\/www.psccoaching.fr\/index.php\/wp-json\/wp\/v2\/pages\/279","targetHints":{"allow":["GET"]}}],"collection":[{"href":"https:\/\/www.psccoaching.fr\/index.php\/wp-json\/wp\/v2\/pages"}],"about":[{"href":"https:\/\/www.psccoaching.fr\/index.php\/wp-json\/wp\/v2\/types\/page"}],"author":[{"embeddable":true,"href":"https:\/\/www.psccoaching.fr\/index.php\/wp-json\/wp\/v2\/users\/1"}],"replies":[{"embeddable":true,"href":"https:\/\/www.psccoaching.fr\/index.php\/wp-json\/wp\/v2\/comments?post=279"}],"version-history":[{"count":3,"href":"https:\/\/www.psccoaching.fr\/index.php\/wp-json\/wp\/v2\/pages\/279\/revisions"}],"predecessor-version":[{"id":302,"href":"https:\/\/www.psccoaching.fr\/index.php\/wp-json\/wp\/v2\/pages\/279\/revisions\/302"}],"wp:attachment":[{"href":"https:\/\/www.psccoaching.fr\/index.php\/wp-json\/wp\/v2\/media?parent=279"}],"curies":[{"name":"wp","href":"https:\/\/api.w.org\/{rel}","templated":true}]}}