{"id":262,"date":"2021-05-02T18:08:29","date_gmt":"2021-05-02T16:08:29","guid":{"rendered":"http:\/\/www.psccoaching.fr\/?page_id=262"},"modified":"2024-02-20T12:07:43","modified_gmt":"2024-02-20T11:07:43","slug":"qui-sommes-nous","status":"publish","type":"page","link":"https:\/\/www.psccoaching.fr\/index.php\/qui-sommes-nous\/","title":{"rendered":"QUI SOMMES NOUS"},"content":{"rendered":"\n<p>Christophe DAMIEN \u2013 Directeur et pr\u00e9parateur physique : Ancien athl\u00e8te de haut niveau en athl\u00e9tisme, Christophe a toujours baign\u00e9 dans le monde du sport. Apr\u00e8s avoir travaill\u00e9 dans les Ressources Humaines il d\u00e9cide de revenir \u00e0 sa premi\u00e8re passion, le sport, et cr\u00e9er son centre de formation pour former des futurs coachs, ainsi que 2 centres de remise en forme sous l\u2019effigie de l\u2019Orange Bleue.<br>Passionn\u00e9 et rigoureux il a conseill\u00e9 de grands clubs de rugby mais \u00e9galement de nombreux athl\u00e8tes de haut niveau toute discipline confondue.<br><br><\/p>\n","protected":false},"excerpt":{"rendered":"<p>Christophe DAMIEN \u2013 Directeur et pr\u00e9parateur physique : Ancien athl\u00e8te de haut niveau en athl\u00e9tisme, Christophe a toujours baign\u00e9 dans le monde du sport. Apr\u00e8s avoir travaill\u00e9 dans les Ressources Humaines il d\u00e9cide de revenir \u00e0 sa premi\u00e8re passion, le sport, et cr\u00e9er son centre de formation pour former des futurs coachs, ainsi que 2 [&hellip;]<\/p>\n","protected":false},"author":1,"featured_media":0,"parent":0,"menu_order":0,"comment_status":"closed","ping_status":"closed","template":"","meta":{"footnotes":""},"class_list":["post-262","page","type-page","status-publish","hentry"],"_links":{"self":[{"href":"https:\/\/www.psccoaching.fr\/index.php\/wp-json\/wp\/v2\/pages\/262","targetHints":{"allow":["GET"]}}],"collection":[{"href":"https:\/\/www.psccoaching.fr\/index.php\/wp-json\/wp\/v2\/pages"}],"about":[{"href":"https:\/\/www.psccoaching.fr\/index.php\/wp-json\/wp\/v2\/types\/page"}],"author":[{"embeddable":true,"href":"https:\/\/www.psccoaching.fr\/index.php\/wp-json\/wp\/v2\/users\/1"}],"replies":[{"embeddable":true,"href":"https:\/\/www.psccoaching.fr\/index.php\/wp-json\/wp\/v2\/comments?post=262"}],"version-history":[{"count":3,"href":"https:\/\/www.psccoaching.fr\/index.php\/wp-json\/wp\/v2\/pages\/262\/revisions"}],"predecessor-version":[{"id":354,"href":"https:\/\/www.psccoaching.fr\/index.php\/wp-json\/wp\/v2\/pages\/262\/revisions\/354"}],"wp:attachment":[{"href":"https:\/\/www.psccoaching.fr\/index.php\/wp-json\/wp\/v2\/media?parent=262"}],"curies":[{"name":"wp","href":"https:\/\/api.w.org\/{rel}","templated":true}]}}