{"id":226,"date":"2021-05-02T17:48:23","date_gmt":"2021-05-02T15:48:23","guid":{"rendered":"http:\/\/www.psccoaching.fr\/?page_id=226"},"modified":"2021-05-25T12:00:50","modified_gmt":"2021-05-25T10:00:50","slug":"inbody","status":"publish","type":"page","link":"https:\/\/www.psccoaching.fr\/index.php\/inbody\/","title":{"rendered":"INBODY"},"content":{"rendered":"<div data-colibri-id=\"226-c1\" class=\"style-376 style-local-226-c1 position-relative\">\n  <!---->\n  <div data-colibri-component=\"section\" data-colibri-id=\"226-c2\" id=\"overlappable\" class=\"h-section h-section-global-spacing d-flex align-items-lg-center align-items-md-center align-items-center style-377 style-local-226-c2 position-relative\">\n    <!---->\n    <!---->\n    <div class=\"h-section-grid-container h-section-boxed-container\">\n      <!---->\n      <div data-colibri-id=\"226-c3\" class=\"h-row-container gutters-row-lg-2 gutters-row-md-0 gutters-row-2 gutters-row-v-lg-2 gutters-row-v-md-0 gutters-row-v-2 style-378 style-local-226-c3 position-relative\">\n        <!---->\n        <div class=\"h-row justify-content-lg-center justify-content-md-center justify-content-center align-items-lg-stretch align-items-md-stretch align-items-stretch gutters-col-lg-2 gutters-col-md-0 gutters-col-2 gutters-col-v-lg-2 gutters-col-v-md-0 gutters-col-v-2\">\n          <!---->\n          <div class=\"h-column h-column-container d-flex h-col-lg-4 h-col-md-4 h-col-12 style-379-outer style-local-226-c4-outer\">\n            <div data-colibri-id=\"226-c4\" class=\"d-flex h-flex-basis h-column__inner h-px-lg-2 h-px-md-3 h-px-2 v-inner-lg-0 v-inner-md-3 v-inner-2 style-379 style-local-226-c4 position-relative\">\n              <!---->\n              <!---->\n              <div class=\"w-100 h-y-container h-column__content h-column__v-align flex-basis-100 align-self-lg-start align-self-md-start align-self-start\">\n                <!---->\n                <div data-colibri-id=\"226-c5\" class=\"h-icon style-380 style-local-226-c5 position-relative h-element\">\n                  <!----><span class=\"h-svg-icon h-icon__icon style-380-icon style-local-226-c5-icon\"><!--Icon by Font Awesome (https:\/\/fontawesome.com)--><svg version=\"1.1\" xmlns=\"http:\/\/www.w3.org\/2000\/svg\" xmlns:xlink=\"http:\/\/www.w3.org\/1999\/xlink\" id=\"clock-o\" viewBox=\"0 0 1536 1896.0833\"><path d=\"M896 544v448q0 14-9 23t-23 9H544q-14 0-23-9t-9-23v-64q0-14 9-23t23-9h224V544q0-14 9-23t23-9h64q14 0 23 9t9 23zm416 352q0-148-73-273t-198-198-273-73-273 73-198 198-73 273 73 273 198 198 273 73 273-73 198-198 73-273zm224 0q0 209-103 385.5T1153.5 1561 768 1664t-385.5-103T103 1281.5 0 896t103-385.5T382.5 231 768 128t385.5 103T1433 510.5 1536 896z\"><\/path><\/svg><\/span><\/div>\n                <div\n                  data-colibri-id=\"226-c6\" class=\"h-global-transition-all h-heading style-381 style-local-226-c6 position-relative h-element\">\n                  <!---->\n                  <div class=\"h-heading__outer style-381 style-local-226-c6\">\n                    <!---->\n                    <!---->\n                    <h5 class=\"\">60 Secondes<\/h5>\n                  <\/div>\n              <\/div>\n              <div data-colibri-id=\"226-c7\" class=\"h-text h-text-component style-382 style-local-226-c7 position-relative h-element\">\n                <!---->\n                <!---->\n                <div class=\"\">\n                  <p><span style=\"font-size: 18px; font-family: -apple-system, BlinkMacSystemFont, Segoe UI, Roboto, Helvetica, Arial, sans-serif, sans-serif; color: rgb(122, 122, 122);\">Mesurez la graisse corporelle, la masse musculaire et les niveaux d&rsquo;eau en moins d&rsquo;une minute<\/span><\/p>\n                  <h3>\n                    <br>\n                  <\/h3>\n                  <p>\n                    <br>\n                  <\/p>\n                <\/div>\n              <\/div>\n            <\/div>\n          <\/div>\n        <\/div>\n        <div class=\"h-column h-column-container d-flex h-col-lg-4 h-col-md-4 h-col-12 style-379-outer style-local-226-c8-outer\">\n          <div data-colibri-id=\"226-c8\" class=\"d-flex h-flex-basis h-column__inner h-px-lg-2 h-px-md-3 h-px-2 v-inner-lg-0 v-inner-md-3 v-inner-2 style-379 style-local-226-c8 position-relative\">\n            <!---->\n            <!---->\n            <div class=\"w-100 h-y-container h-column__content h-column__v-align flex-basis-100 align-self-lg-start align-self-md-start align-self-start\">\n              <!---->\n              <div data-colibri-id=\"226-c9\" class=\"h-icon style-380 style-local-226-c9 position-relative h-element\">\n                <!----><span class=\"h-svg-icon h-icon__icon style-380-icon style-local-226-c9-icon\"><!--Icon by Font Awesome (https:\/\/fontawesome.com)--><svg version=\"1.1\" xmlns=\"http:\/\/www.w3.org\/2000\/svg\" xmlns:xlink=\"http:\/\/www.w3.org\/1999\/xlink\" id=\"file-o\" viewBox=\"0 0 1611.2499 1896.0833\"><path d=\"M1468 380q28 28 48 76t20 88v1152q0 40-28 68t-68 28H96q-40 0-68-28t-28-68V96q0-40 28-68T96 0h896q40 0 88 20t76 48zm-444-244v376h376q-10-29-22-41l-313-313q-12-12-41-22zm384 1528V640H992q-40 0-68-28t-28-68V128H128v1536h1280z\"><\/path><\/svg><\/span><\/div>\n              <div\n                data-colibri-id=\"226-c10\" class=\"h-global-transition-all h-heading style-381 style-local-226-c10 position-relative h-element\">\n                <!---->\n                <div class=\"h-heading__outer style-381 style-local-226-c10\">\n                  <!---->\n                  <!---->\n                  <h5 class=\"\">PLUS DE 25 PARAM\u00c8TRES<\/h5>\n                <\/div>\n            <\/div>\n            <div data-colibri-id=\"226-c11\" class=\"h-text h-text-component style-382 style-local-226-c11 position-relative h-element\">\n              <!---->\n              <!---->\n              <div class=\"\">\n                <p><span style=\"font-size: 18px; font-family: -apple-system, BlinkMacSystemFont, Segoe UI, Roboto, Helvetica, Arial, sans-serif, sans-serif; color: rgb(122, 122, 122);\">Surveillez r\u00e9guli\u00e8rement plusieurs param\u00e8tres pour comprendre en quoi votre r\u00e9gime alimentaire et votre r\u00e9gime d\u2019entra\u00eenement influent sur votre composition corporelle<\/span><\/p>\n              <\/div>\n            <\/div>\n          <\/div>\n        <\/div>\n      <\/div>\n      <div class=\"h-column h-column-container d-flex h-col-lg-4 h-col-md-4 h-col-12 style-379-outer style-local-226-c12-outer\">\n        <div data-colibri-id=\"226-c12\" class=\"d-flex h-flex-basis h-column__inner h-px-lg-2 h-px-md-3 h-px-2 v-inner-lg-0 v-inner-md-3 v-inner-2 style-379 style-local-226-c12 position-relative\">\n          <!---->\n          <!---->\n          <div class=\"w-100 h-y-container h-column__content h-column__v-align flex-basis-100 align-self-lg-start align-self-md-start align-self-start\">\n            <!---->\n            <div data-colibri-id=\"226-c13\" class=\"h-icon style-380 style-local-226-c13 position-relative h-element\">\n              <!----><span class=\"h-svg-icon h-icon__icon style-380-icon style-local-226-c13-icon\"><!--Icon by Font Awesome (https:\/\/fontawesome.com)--><svg version=\"1.1\" xmlns=\"http:\/\/www.w3.org\/2000\/svg\" xmlns:xlink=\"http:\/\/www.w3.org\/1999\/xlink\" id=\"power-off\" viewBox=\"0 0 1536 1896.0833\"><path d=\"M1536 896q0 156-61 298t-164 245-245 164-298 61-298-61-245-164-164-245T0 896q0-182 80.5-343T307 283q43-32 95.5-25t83.5 50q32 42 24.5 94.5T461 487q-98 74-151.5 181T256 896q0 104 40.5 198.5T406 1258t163.5 109.5T768 1408t198.5-40.5T1130 1258t109.5-163.5T1280 896q0-121-53.5-228T1075 487q-42-32-49.5-84.5T1050 308q31-43 84-50t95 25q146 109 226.5 270t80.5 343zM896 128v640q0 52-38 90t-90 38-90-38-38-90V128q0-52 38-90t90-38 90 38 38 90z\"><\/path><\/svg><\/span><\/div>\n            <div\n              data-colibri-id=\"226-c14\" class=\"h-global-transition-all h-heading style-381 style-local-226-c14 position-relative h-element\">\n              <!---->\n              <div class=\"h-heading__outer style-381 style-local-226-c14\">\n                <!---->\n                <!---->\n                <h5 class=\"\">AUCUNE ESTIMATION<\/h5>\n              <\/div>\n          <\/div>\n          <div data-colibri-id=\"226-c15\" class=\"h-text h-text-component style-382 style-local-226-c15 position-relative h-element\">\n            <!---->\n            <!---->\n            <div class=\"\">\n              <p><span style=\"font-size: 18px; font-family: -apple-system, BlinkMacSystemFont, Segoe UI, Roboto, Helvetica, Arial, sans-serif, sans-serif; color: rgb(122, 122, 122);\">Surveillez r\u00e9guli\u00e8rement plusieurs param\u00e8tres pour comprendre en quoi votre r\u00e9gime alimentaire et votre r\u00e9gime d\u2019entra\u00eenement influent sur votre composition corporelle.<\/span><\/p>\n            <\/div>\n          <\/div>\n        <\/div>\n      <\/div>\n    <\/div>\n  <\/div>\n<\/div>\n<\/div>\n<\/div>\n<div data-colibri-component=\"section\" data-colibri-id=\"226-c16\" id=\"about\" class=\"h-section h-section-global-spacing d-flex align-items-lg-center align-items-md-center align-items-center style-390 style-local-226-c16 position-relative\">\n  <!---->\n  <!---->\n  <div class=\"h-section-grid-container h-section-boxed-container\">\n    <!---->\n    <div data-colibri-id=\"226-c17\" class=\"h-row-container gutters-row-lg-2 gutters-row-md-2 gutters-row-2 gutters-row-v-lg-2 gutters-row-v-md-2 gutters-row-v-2 style-391 style-local-226-c17 position-relative\">\n      <!---->\n      <div class=\"h-row justify-content-lg-center justify-content-md-center justify-content-center align-items-lg-stretch align-items-md-stretch align-items-stretch gutters-col-lg-2 gutters-col-md-2 gutters-col-2 gutters-col-v-lg-2 gutters-col-v-md-2 gutters-col-v-2\">\n        <!---->\n        <div class=\"h-column h-column-container d-flex h-col-lg-auto h-col-md-auto h-col-auto style-392-outer style-local-226-c18-outer\">\n          <div data-colibri-id=\"226-c18\" class=\"d-flex h-flex-basis h-column__inner h-px-lg-2 h-px-md-2 h-px-2 v-inner-lg-2 v-inner-md-2 v-inner-2 style-392 style-local-226-c18 position-relative\">\n            <!---->\n            <!---->\n            <div class=\"w-100 h-y-container h-column__content h-column__v-align flex-basis-100 align-self-lg-center align-self-md-center align-self-center\">\n              <!---->\n              <div data-colibri-id=\"226-c19\" class=\"h-global-transition-all h-heading style-393 style-local-226-c19 position-relative h-element\">\n                <!---->\n                <div class=\"h-heading__outer style-393 style-local-226-c19\">\n                  <!---->\n                  <!---->\n                  <h2 class=\"\">INBODY 270<\/h2>\n                <\/div>\n              <\/div>\n              <div data-colibri-id=\"226-c20\" class=\"h-global-transition-all h-heading style-394 style-local-226-c20 position-relative h-element\">\n                <!---->\n                <div class=\"h-heading__outer style-394 style-local-226-c20\">\n                  <!---->\n                  <!---->\n                  <h4 class=\"\">Une simple balance ?<\/h4>\n                <\/div>\n              <\/div>\n              <div data-colibri-id=\"226-c21\" class=\"h-lead h-text h-text-component style-395 style-local-226-c21 position-relative h-element\">\n                <!---->\n                <!---->\n                <div class=\"\">\n                  <p><span style=\"font-size: 17px; font-family: -apple-system, BlinkMacSystemFont, Segoe UI, Roboto, Helvetica, Arial, sans-serif, sans-serif; color: rgb(0, 0, 0);\">En savoir plus sur l\u2019analyse de la composition corporelle et sur la mani\u00e8re dont InBody a am\u00e9lior\u00e9 la technologie BIA\/(La BIOIMPEDANCE) existante pour fournir une analyse pr\u00e9cise de la composition corporelle aux professionnels<\/span><\/p>\n                <\/div>\n              <\/div>\n            <\/div>\n          <\/div>\n        <\/div>\n        <div class=\"h-column h-column-container d-flex h-col-lg-auto h-col-md-auto h-col-auto style-398-outer style-local-226-c22-outer\">\n          <div data-colibri-id=\"226-c22\" class=\"d-flex h-flex-basis h-column__inner h-px-lg-2 h-px-md-2 h-px-2 v-inner-lg-2 v-inner-md-2 v-inner-2 style-398 style-local-226-c22 position-relative\">\n            <!---->\n            <!---->\n            <div class=\"w-100 h-y-container h-column__content h-column__v-align flex-basis-100 align-self-lg-center align-self-md-center align-self-center\">\n              <!---->\n              <div data-colibri-id=\"226-c23\" class=\"d-block style-399 style-local-226-c23 position-relative h-element\">\n                <!---->\n                <div class=\"h-image__frame-container-outer\">\n                  <div class=\"h-image__frame-container\">\n                    <!---->\n                    <!---->\n                    <img loading=\"lazy\" decoding=\"async\" width=\"924\" height=\"1164\" src=\"http:\/\/www.psccoaching.fr\/wp-content\/uploads\/2021\/05\/Capture-de\u0301cran-2021-05-02-a\u0300-17.59.47.png\" class=\"wp-image-252 style-399-image style-local-226-c23-image\" alt=\"\" srcset=\"https:\/\/www.psccoaching.fr\/wp-content\/uploads\/2021\/05\/Capture-de\u0301cran-2021-05-02-a\u0300-17.59.47.png 924w, https:\/\/www.psccoaching.fr\/wp-content\/uploads\/2021\/05\/Capture-de\u0301cran-2021-05-02-a\u0300-17.59.47-238x300.png 238w, https:\/\/www.psccoaching.fr\/wp-content\/uploads\/2021\/05\/Capture-de\u0301cran-2021-05-02-a\u0300-17.59.47-813x1024.png 813w, https:\/\/www.psccoaching.fr\/wp-content\/uploads\/2021\/05\/Capture-de\u0301cran-2021-05-02-a\u0300-17.59.47-768x967.png 768w\" sizes=\"auto, (max-width: 924px) 100vw, 924px\" \/>\n                    <div class=\"h-image__frame h-hide-sm style-399-frameImage style-local-226-c23-frameImage\"><\/div>\n                  <\/div>\n                <\/div>\n              <\/div>\n            <\/div>\n          <\/div>\n        <\/div>\n      <\/div>\n    <\/div>\n  <\/div>\n<\/div>\n<div data-colibri-component=\"section\" data-colibri-id=\"226-c24\" id=\"custom\" class=\"h-section h-section-global-spacing d-flex align-items-lg-center align-items-md-center align-items-center style-406 style-local-226-c24 position-relative\">\n  <!---->\n  <!---->\n  <div class=\"h-section-grid-container h-section-boxed-container\">\n    <!---->\n    <div data-colibri-id=\"226-c25\" class=\"h-row-container gutters-row-lg-2 gutters-row-md-2 gutters-row-0 gutters-row-v-lg-2 gutters-row-v-md-2 gutters-row-v-2 style-407 style-local-226-c25 position-relative\">\n      <!---->\n      <div class=\"h-row justify-content-lg-center justify-content-md-center justify-content-center align-items-lg-stretch align-items-md-stretch align-items-stretch gutters-col-lg-2 gutters-col-md-2 gutters-col-0 gutters-col-v-lg-2 gutters-col-v-md-2 gutters-col-v-2\">\n        <!---->\n        <div class=\"h-column h-column-container d-flex h-col-lg-auto h-col-md-auto h-col-auto style-408-outer style-local-226-c26-outer\">\n          <div data-colibri-id=\"226-c26\" class=\"d-flex h-flex-basis h-column__inner h-px-lg-2 h-px-md-2 h-px-2 v-inner-lg-2 v-inner-md-2 v-inner-2 style-408 style-local-226-c26 position-relative\">\n            <!---->\n            <!---->\n            <div class=\"w-100 h-y-container h-column__content h-column__v-align flex-basis-100 align-self-lg-start align-self-md-start align-self-start\">\n              <!---->\n              <div data-colibri-id=\"226-c27\" class=\"h-text h-text-component style-409 style-local-226-c27 position-relative h-element\">\n                <!---->\n                <!---->\n                <div class=\"\">\n                  <p>Pro Sport concept s\u2019est dot\u00e9 d\u2019une balance \u00e0 imp\u00e9dancem\u00e9trie afin de vous accompagner au mieux dans la prise en charge di\u00e9t\u00e9tique et sportive.<\/p>\n                  <p>Cette balance permet d\u2019analyser enti\u00e8rement votre composition corporelle afin de connaitre vos taux de masse grasse\/masse musculaire de chaque jambe, chaque bras, de votre tronc \u2026 et ainsi, adapter notre prise en charge pour r\u00e9pondre\n                    au mieux \u00e0 vos attentes et besoins.<\/p>\n                  <p>InBody est pr\u00e9sent dans les plus grands h\u00f4pitaux et universit\u00e9s de m\u00e9decine du monde. Au-del\u00e0 de la m\u00e9decine, InBody \u00e9quipe aussi les salles de fitness et du bien-\u00eatre et compte parmi ses partenaires l\u2019INSEP, l\u2019US AIR Force ainsi que\n                    la C.I.A<\/p>\n                <\/div>\n              <\/div>\n            <\/div>\n          <\/div>\n        <\/div>\n      <\/div>\n    <\/div>\n  <\/div>\n<\/div>\n<div data-colibri-component=\"section\" data-colibri-id=\"226-c28\" id=\"about-2\" class=\"h-section h-section-global-spacing d-flex align-items-lg-center align-items-md-center align-items-center style-410 style-local-226-c28 position-relative\">\n  <!---->\n  <!---->\n  <div class=\"h-section-grid-container h-section-boxed-container\">\n    <!---->\n    <div data-colibri-id=\"226-c29\" class=\"h-row-container gutters-row-lg-0 gutters-row-md-0 gutters-row-0 gutters-row-v-lg-0 gutters-row-v-md-0 gutters-row-v-0 style-411 style-local-226-c29 position-relative\">\n      <!---->\n      <div class=\"h-row justify-content-lg-center justify-content-md-center justify-content-center align-items-lg-stretch align-items-md-stretch align-items-stretch gutters-col-lg-0 gutters-col-md-0 gutters-col-0 gutters-col-v-lg-0 gutters-col-v-md-0 gutters-col-v-0\">\n        <!---->\n        <div class=\"h-column h-column-container d-flex h-col-lg-auto h-col-md-auto h-col-auto style-412-outer style-local-226-c30-outer\">\n          <div data-colibri-id=\"226-c30\" class=\"d-flex h-flex-basis h-column__inner h-px-lg-0 h-px-md-0 h-px-0 v-inner-lg-0 v-inner-md-0 v-inner-0 style-412 style-local-226-c30 position-relative\">\n            <!---->\n            <!---->\n            <div class=\"w-100 h-y-container h-column__content h-column__v-align flex-basis-100 align-self-lg-start align-self-md-start align-self-start\">\n              <!---->\n              <div data-colibri-id=\"226-c31\" class=\"h-global-transition-all h-heading style-413 style-local-226-c31 position-relative h-element\">\n                <!---->\n                <div class=\"h-heading__outer style-413 style-local-226-c31\">\n                  <!---->\n                  <!---->\n                  <h5 class=\"\">Fiche bilan<\/h5>\n                <\/div>\n              <\/div>\n              <div data-colibri-id=\"226-c32\" class=\"h-global-transition-all h-heading style-414 style-local-226-c32 position-relative h-element\">\n                <!---->\n                <div class=\"h-heading__outer style-414 style-local-226-c32\">\n                  <!---->\n                  <!---->\n                  <h4 class=\"\">Exemple de fiche bilan<\/h4>\n                <\/div>\n              <\/div>\n              <div data-colibri-id=\"226-c33\" class=\"h-text h-text-component style-415 style-local-226-c33 position-relative h-element\">\n                <!---->\n                <!---->\n                <div class=\"\">\n                  <p>L\u2019analyse de plus de 25 param\u00e8tres effectu\u00e9e par cette balance permet de comprendre en quoi votre r\u00e9gime alimentaire et votre r\u00e9gime d\u2019entra\u00eenement influent sur votre composition corporelle.<\/p>\n                <\/div>\n              <\/div>\n            <\/div>\n          <\/div>\n        <\/div>\n        <div class=\"h-column h-column-container d-flex h-col-lg-auto h-col-md-auto h-col-auto style-416-outer style-local-226-c34-outer\">\n          <div data-colibri-id=\"226-c34\" class=\"d-flex h-flex-basis h-column__inner h-ui-empty-state-container h-px-lg-2 h-px-md-2 h-px-2 v-inner-lg-2 v-inner-md-2 v-inner-2 style-416 style-local-226-c34 position-relative\">\n            <!---->\n            <!---->\n            <div class=\"w-100 h-y-container h-column__content h-column__v-align flex-basis-100\">\n              <!---->\n            <\/div>\n          <\/div>\n        <\/div>\n      <\/div>\n    <\/div>\n  <\/div>\n<\/div>\n<\/div>","protected":false},"excerpt":{"rendered":"<p>60 Secondes Mesurez la graisse corporelle, la masse musculaire et les niveaux d&rsquo;eau en moins d&rsquo;une minute PLUS DE 25 PARAM\u00c8TRES Surveillez r\u00e9guli\u00e8rement plusieurs param\u00e8tres pour comprendre en quoi votre r\u00e9gime alimentaire et votre r\u00e9gime d\u2019entra\u00eenement influent sur votre composition corporelle AUCUNE ESTIMATION Surveillez r\u00e9guli\u00e8rement plusieurs param\u00e8tres pour comprendre en quoi votre r\u00e9gime alimentaire et [&hellip;]<\/p>\n","protected":false},"author":1,"featured_media":0,"parent":0,"menu_order":0,"comment_status":"closed","ping_status":"closed","template":"page-templates\/full-width-page.php","meta":{"footnotes":""},"class_list":["post-226","page","type-page","status-publish","hentry"],"_links":{"self":[{"href":"https:\/\/www.psccoaching.fr\/index.php\/wp-json\/wp\/v2\/pages\/226","targetHints":{"allow":["GET"]}}],"collection":[{"href":"https:\/\/www.psccoaching.fr\/index.php\/wp-json\/wp\/v2\/pages"}],"about":[{"href":"https:\/\/www.psccoaching.fr\/index.php\/wp-json\/wp\/v2\/types\/page"}],"author":[{"embeddable":true,"href":"https:\/\/www.psccoaching.fr\/index.php\/wp-json\/wp\/v2\/users\/1"}],"replies":[{"embeddable":true,"href":"https:\/\/www.psccoaching.fr\/index.php\/wp-json\/wp\/v2\/comments?post=226"}],"version-history":[{"count":9,"href":"https:\/\/www.psccoaching.fr\/index.php\/wp-json\/wp\/v2\/pages\/226\/revisions"}],"predecessor-version":[{"id":323,"href":"https:\/\/www.psccoaching.fr\/index.php\/wp-json\/wp\/v2\/pages\/226\/revisions\/323"}],"wp:attachment":[{"href":"https:\/\/www.psccoaching.fr\/index.php\/wp-json\/wp\/v2\/media?parent=226"}],"curies":[{"name":"wp","href":"https:\/\/api.w.org\/{rel}","templated":true}]}}