{"id":223,"date":"2021-05-02T17:48:23","date_gmt":"2021-05-02T15:48:23","guid":{"rendered":"http:\/\/www.psccoaching.fr\/?page_id=223"},"modified":"2024-02-20T12:08:23","modified_gmt":"2024-02-20T11:08:23","slug":"tarifs","status":"publish","type":"page","link":"https:\/\/www.psccoaching.fr\/index.php\/tarifs\/","title":{"rendered":"TARIFS"},"content":{"rendered":"\n<p>Chez Pro Sport Concept Coaching nous avons \u00e0 c\u0153ur de prendre votre corps dans un ensemble afin de le rendre plus fort et plus performant.<br>Notre but n\u2019est pas de vous faire soulever les plus grosses charges possible mais de vous les faire soulever de la bonne mani\u00e8re. L\u2019ex\u00e9cution du mouvement ainsi que le respect des r\u00e8gles de s\u00e9curit\u00e9 restent une priorit\u00e9.<br>Quelque soit votre objectif (perte de poids, prise de masse, bien \u00eatre, am\u00e9lioration des qualit\u00e9s physiques), notre \u00e9quipe de coachs dipl\u00f4m\u00e9s saura mettre en place la strat\u00e9gie la plus adapt\u00e9e afin de r\u00e9pondre \u00e0 votre besoin.<\/p>\n\n\n\n<p>Un bilan postural, des tests physiques ainsi qu\u2019un entretien seront effectu\u00e9s en d\u00e9but de prise en charge afin d\u2019\u00e9changer sur vos objectifs, d\u2019\u00e9valuer vos forces et faiblesses et d\u2019avoir une base de travail \u2026 Ce bilan nous permettra par la suite d\u2019\u00e9valuer votre progression jusqu\u2019\u00e0 l\u2019atteinte de vos objectifs.<\/p>\n","protected":false},"excerpt":{"rendered":"<p>Chez Pro Sport Concept Coaching nous avons \u00e0 c\u0153ur de prendre votre corps dans un ensemble afin de le rendre plus fort et plus performant.Notre but n\u2019est pas de vous faire soulever les plus grosses charges possible mais de vous les faire soulever de la bonne mani\u00e8re. L\u2019ex\u00e9cution du mouvement ainsi que le respect des [&hellip;]<\/p>\n","protected":false},"author":1,"featured_media":0,"parent":0,"menu_order":0,"comment_status":"closed","ping_status":"closed","template":"","meta":{"footnotes":""},"class_list":["post-223","page","type-page","status-publish","hentry"],"_links":{"self":[{"href":"https:\/\/www.psccoaching.fr\/index.php\/wp-json\/wp\/v2\/pages\/223","targetHints":{"allow":["GET"]}}],"collection":[{"href":"https:\/\/www.psccoaching.fr\/index.php\/wp-json\/wp\/v2\/pages"}],"about":[{"href":"https:\/\/www.psccoaching.fr\/index.php\/wp-json\/wp\/v2\/types\/page"}],"author":[{"embeddable":true,"href":"https:\/\/www.psccoaching.fr\/index.php\/wp-json\/wp\/v2\/users\/1"}],"replies":[{"embeddable":true,"href":"https:\/\/www.psccoaching.fr\/index.php\/wp-json\/wp\/v2\/comments?post=223"}],"version-history":[{"count":4,"href":"https:\/\/www.psccoaching.fr\/index.php\/wp-json\/wp\/v2\/pages\/223\/revisions"}],"predecessor-version":[{"id":355,"href":"https:\/\/www.psccoaching.fr\/index.php\/wp-json\/wp\/v2\/pages\/223\/revisions\/355"}],"wp:attachment":[{"href":"https:\/\/www.psccoaching.fr\/index.php\/wp-json\/wp\/v2\/media?parent=223"}],"curies":[{"name":"wp","href":"https:\/\/api.w.org\/{rel}","templated":true}]}}