{"id":2,"date":"2021-03-20T09:17:34","date_gmt":"2021-03-20T08:17:34","guid":{"rendered":"http:\/\/www.psccoaching.fr\/?page_id=2"},"modified":"2026-01-09T16:16:58","modified_gmt":"2026-01-09T15:16:58","slug":"page-d-exemple","status":"publish","type":"page","link":"https:\/\/www.psccoaching.fr\/index.php\/page-d-exemple\/","title":{"rendered":"RESERVATION"},"content":{"rendered":"\n<h5 class=\"wp-block-heading\">R\u00e9servation de la salle<\/h5>\n\n\n\n<p>ATTENTION PAS DE SEANCE le 30 AVRIL au STUDIO !!! possibilit\u00e9 d&rsquo;avoir acces en haut de l&rsquo;OF<\/p>\n\n\n\t\t<form id=\"bookacti-form-1-254277164\" class=\"bookacti-booking-form bookacti-booking-form-1 \" autocomplete=\"off\" >\n\t\t\t\t<input type='hidden' name='form_id' value='1'\/>\n\t\t\t<input type='hidden' name='action' value='bookactiSubmitBookingForm'\/>\n\t\t\t<div class='bookacti-form-field-container bookacti-form-field-name-calendar bookacti-form-field-type-calendar bookacti-form-field-id-1' id='bookacti-form-field-calendar-1-form-1-254277164' data-field-name=\"calendar\" data-field-type=\"calendar\" data-field-id=\"1\">\n\t\t\t<div class='bookacti-form-field-content' >\n\t\t\r\n\t<div class='bookacti-booking-system-container' id='bookacti-booking-system-form-1-254277164-container' >\r\n\t\t<script>\r\n\t\t\t\/\/ Compatibility with Optimization plugins\r\n\t\t\tif( typeof bookacti === 'undefined' ) { var bookacti = { booking_system:[] }; }\r\n\t\t\tbookacti.booking_system[ 'bookacti-booking-system-form-1-254277164' ] = {\"events\":[],\"events_data\":[],\"events_interval\":{\"start\":\"2026-04-05 20:49:50\",\"end\":\"2026-04-05 20:49:50\"},\"events_min_interval\":[],\"bookings\":[],\"groups_bookings\":[],\"booking_lists\":[],\"activities_data\":[],\"groups_events\":[],\"groups_data\":[],\"group_categories_data\":[],\"no_events\":0,\"id\":\"bookacti-booking-system-form-1-254277164\",\"class\":\"\",\"hide_availability\":100,\"calendars\":[1],\"activities\":[1],\"group_categories\":[\"none\"],\"groups_only\":0,\"groups_single_events\":0,\"groups_first_event_only\":0,\"multiple_bookings\":0,\"bookings_only\":0,\"tooltip_booking_list\":0,\"tooltip_booking_list_columns\":[],\"status\":[],\"user_id\":[],\"method\":\"calendar\",\"auto_load\":0,\"start\":\"2026-04-05 20:49:50\",\"end\":\"\",\"trim\":1,\"past_events\":0,\"past_events_bookable\":0,\"days_off\":[],\"check_roles\":1,\"picked_events\":[],\"form_id\":1,\"form_action\":\"default\",\"when_perform_form_action\":\"on_submit\",\"redirect_url_by_activity\":[],\"redirect_url_by_group_category\":[],\"display_data\":{\"slotMinTime\":\"00:00\",\"slotMaxTime\":\"24:00\"},\"product_by_activity\":[],\"product_by_group_category\":[],\"products_page_url\":[]};\r\n\t\t<\/script>\r\n\t\t\t\t\r\n\t\t<div class='bookacti-booking-system-inputs'>\r\n\t\t\t\t\t<\/div>\r\n\t\t\r\n\t\t\t\t\r\n\t\t<div id='bookacti-booking-system-form-1-254277164' class='bookacti-booking-system ' >\r\n\t\t\t\t\t<div class='bookacti-calendar-title bookacti-booking-system-title'>\r\n\t\t\tChoisissez un \u00e9v\u00e8nement sur le calendrier\u00a0:\t\t<\/div>\r\n\t\t<div class='bookacti-calendar'><\/div>\r\n\t\t\t<\/div>\r\n\t\t\r\n\t\t\t\t\r\n\t\t<div class='bookacti-picked-events' style='display:none;' >\r\n\t\t\t<div class='bookacti-picked-events-list-title' ><\/div>\r\n\t\t\t<ul class='bookacti-picked-events-list bookacti-custom-scrollbar' >\r\n\t\t\t\t\t\t\t<\/ul>\r\n\t\t<\/div>\r\n\t\t\r\n\t\t<div class='bookacti-notices' style='display:none;' >\r\n\t\t\t\t\t<\/div>\r\n\t\t\r\n\t\t<div class='bookacti-tooltips-container'>\r\n\t\t\t\t\t<\/div>\r\n\t\t\r\n\t\t\t<\/div>\r\n\t<div id='bookacti-booking-system-form-1-254277164-dialogs' class='bookacti-booking-system-dialogs' >\r\n\t\t\t<!-- Choose a group of events -->\r\n\t<div id='bookacti-booking-system-form-1-254277164-choose-group-of-events-dialog' \r\n\t\t data-booking-system-id='bookacti-booking-system-form-1-254277164' \r\n\t\t class='bookacti-backend-dialog bookacti-choose-group-of-events-dialog bookacti-booking-system-dialog' \r\n\t\t title='Cet \u00e9v\u00e8nement est disponible dans plusieurs groupes' \r\n\t\t style='display:none;' >\r\n\t\tQuel groupe d&#039;\u00e9v\u00e8nements voulez-vous s\u00e9lectionner&nbsp;?\t\t<div id='bookacti-booking-system-form-1-254277164-groups-of-events-list' class='bookacti-groups-of-events-list' ><\/div>\r\n\t<\/div>\r\n\r\n\t\t<\/div>\r\n\t\t\t<\/div>\n\t<\/div>\n\t<div class='bookacti-form-field-container bookacti-form-field-name-login bookacti-form-field-type-login bookacti-form-field-id-2 bookacti-has-login-button bookacti-user-is-not-logged-in' id='bookacti-form-field-login-2-form-1-254277164' data-field-name=\"login\" data-field-type=\"login\" data-field-id=\"2\">\n\t\t\t\t<div class='bookacti-form-field-login-field-container bookacti-login-field-login-type bookacti-custom-radio-button-container ' data-field-name='login_type'>\n\t\t\t\t\t\t<div class='bookacti-login-type-container bookacti-custom-radio-button bookacti-login-type-my_account' data-separator='ou'>\n\t\t\t\t\t<input type='radio' name='login_type' value='my_account' id='bookacti-form-1-254277164-login-type-my_account' required  checked='checked'\/>\n\t\t\t\t\t<label for='bookacti-form-1-254277164-login-type-my_account' \n\t\t\t\t\t\t   \n\t\t\t\t\t>\n\t\t\t\t\tSe connecter\t\t\t\t\t<\/label>\n\t\t\t\t<\/div>\n\t\t\t\t\t\t\t\t<div class='bookacti-login-type-container bookacti-custom-radio-button bookacti-login-type-new_account' data-separator='ou'>\n\t\t\t\t\t<input type='radio' name='login_type' value='new_account' id='bookacti-form-1-254277164-login-type-new_account' required \/>\n\t\t\t\t\t<label for='bookacti-form-1-254277164-login-type-new_account' \n\t\t\t\t\t\t   \n\t\t\t\t\t>\n\t\t\t\t\tCr\u00e9er un compte\t\t\t\t\t<\/label>\n\t\t\t\t<\/div>\n\t\t\t\t\t\t\t\t<div class='bookacti-login-type-container bookacti-custom-radio-button bookacti-login-type-no_account' data-separator='ou'>\n\t\t\t\t\t<input type='radio' name='login_type' value='no_account' id='bookacti-form-1-254277164-login-type-no_account' required \/>\n\t\t\t\t\t<label for='bookacti-form-1-254277164-login-type-no_account' \n\t\t\t\t\t\t   \n\t\t\t\t\t>\n\t\t\t\t\tR\u00e9server sans compte\t\t\t\t\t<\/label>\n\t\t\t\t<\/div>\n\t\t\t\t\t\t\t<\/div>\n\t\t\t\t<div class='bookacti-user-data-fields'>\n\t\t\t<div class='bookacti-log-in-fields'>\n\t\t\t\t\t\t\t\t<div class='bookacti-form-field-login-field-container bookacti-login-field-email' id='bookacti-form-field-login-2-form-1-254277164-email-container' data-field-name='email' data-field-type='email'>\n\t\t\t\t\t<div class='bookacti-form-field-label' >\n\t\t\t\t\t\t<label for='bookacti-form-field-login-2-form-1-254277164-email' >\n\t\t\t\t\t\t\tE-mail\t\t\t\t\t\t\t<span class='bookacti-required-field-indicator' title='Champ obligatoire'><\/span>\n\t\t\t\t\t\t<\/label>\n\t\t\t\t\t\t\t\t\t\t<\/div>\n\t\t\t\t\t<div class='bookacti-form-field-content' >\n\t\t\t\t\t\t\t<input type='text' \r\n\t\t\t\tname='email' \r\n\t\t\t\tvalue='' \r\n\t\t\t\tautocomplete='off'\r\n\t\t\t\tid='bookacti-form-field-login-2-form-1-254277164-email' \r\n\t\t\t\tclass='bookacti-input bookacti-form-field bookacti-email bookacti-required-field' \r\n\t\t\t\t\t\t\tplaceholder='' \r\n\t\t\t required\t\t\/>\r\n\t\t\t\t\t\t<\/div>\n\t\t\t\t\t\t\t\t\t<\/div>\n\t\t\t\t<div class='bookacti-form-field-login-field-container bookacti-login-field-password ' id='bookacti-form-field-login-2-form-1-254277164-password-container' data-field-name='password' data-field-type='password'>\n\t\t\t\t\t<div class='bookacti-form-field-label' >\n\t\t\t\t\t\t<label for='bookacti-form-field-login-2-form-1-254277164-password' >\n\t\t\t\t\t\t\tMot de passe\t\t\t\t\t\t\t<span class='bookacti-required-field-indicator' title='Champ obligatoire'><\/span>\n\t\t\t\t\t\t<\/label>\n\t\t\t\t\t\t\t\t\t\t<\/div>\n\t\t\t\t\t<div class='bookacti-form-field-content' >\n\t\t\t\t\t\t\t<input type='password' \r\n\t\t\t\tname='password' \r\n\t\t\t\tvalue='' \r\n\t\t\t\tautocomplete='off'\r\n\t\t\t\tid='bookacti-form-field-login-2-form-1-254277164-password' \r\n\t\t\t\tclass='bookacti-input bookacti-form-field bookacti-password bookacti-required-field' \r\n\t\t\t\t\t\t\tplaceholder='' \r\n\t\t\t required\t\t\/>\r\n\t\t\t\t\t\t\t\t<div class='bookacti-password-strength' style='display:none;'>\n\t\t\t\t\t\t\t\t<span class='bookacti-password-strength-meter'><\/span>\n\t\t\t\t\t\t\t\t<input type='hidden' name='password_strength' class='bookacti-password_strength' value='0' min='4' \/>\n\t\t\t\t\t\t\t<\/div>\n\t\t\t\t\t\t\t\t\t\t\t\t\t\t<div class='bookacti-forgotten-password' >\n\t\t\t\t\t\t\t\t<a href='#' class='bookacti-forgotten-password-link' data-field-id='bookacti-form-field-login-2-form-1-254277164'>Mot de passe oubli\u00e9\u00a0?<\/a>\n\t\t\t\t\t\t\t\t\t\t\t\t\t\t<\/div>\n\t\t\t\t\t\t\t\t\t\t\t\t\t\t<div data-field-id='bookacti-form-field-login-2-form-1-254277164' class='bookacti-backend-dialog bookacti-forgotten-password-dialog bookacti-form-dialog' title='Mot de passe oubli\u00e9' style='display:none;'>\n\t\t\t\t\t\t\t\t<div class='bookacti-forgotten-password-dialog-description' >\n\t\t\t\t\t\t\t\t\t<p>\n\t\t\t\t\t\t\t\t\tVeuillez saisir votre adresse de messagerie. Vous recevrez un lien pour cr\u00e9er un nouveau mot de passe par e-mail.\t\t\t\t\t\t\t\t\t<\/p>\n\t\t\t\t\t\t\t\t<\/div>\n\t\t\t\t\t\t\t\t<div class='bookacti-forgotten-password-dialog-fields' >\n\t\t\t\t\t\t\t\t\t\t\t<div class='bookacti-field-container ' id='bookacti-forgotten-password-email-bookacti-form-field-login-2-form-1-254277164-container'>\r\n\t\t\t\t<input type='email' \r\n\t\t\t\tname='forgotten_password_email' \r\n\t\t\t\tvalue='' \r\n\t\t\t\tautocomplete='off'\r\n\t\t\t\tid='bookacti-forgotten-password-email-bookacti-form-field-login-2-form-1-254277164' \r\n\t\t\t\tclass='bookacti-input bookacti-forgotten-password-email' \r\n\t\t\t\t\t\t\tplaceholder='Votre adresse e-mail' \r\n\t\t\t\t\t\/>\r\n\t\t\t<\/div>\r\n\t\t\t\t\t\t\t\t\t<\/div>\n\t\t\t\t\t\t\t<\/div>\n\t\t\t\t\t\t\t\t\t\t\t<\/div>\n\t\t\t\t\t\t\t\t\t<\/div>\n\t\t\t\t\t\t\t\t<div class='bookacti-form-field-login-field-container bookacti-login-field-remember' id='bookacti-form-field-login-2-form-1-254277164-remember-container' data-field-name='remember' data-field-type='checkbox'>\n\t\t\t\t\t<div class='bookacti-form-field-label' >\n\t\t\t\t\t\t<label for='bookacti-form-field-login-2-form-1-254277164-remember'>\n\t\t\t\t\t\t\tSe souvenir de moi\t\t\t\t\t\t<\/label>\n\t\t\t\t\t\t\t\t\t\t<\/div>\n\t\t\t\t\t<div class='bookacti-form-field-content'>\n\t\t\t\t\t\t\t<div class='bookacti-onoffswitch' >\r\n\t\t\t\t\t\t<input type='hidden' name='remember' value='0' class='bookacti-onoffswitch-hidden-input'\/>\r\n\t\t\t\t\t\t<input type='checkbox' \r\n\t\t\t\t   name='remember'\r\n\t\t\t\t   id='bookacti-form-field-login-2-form-1-254277164-remember'\r\n\t\t\t\t   class='bookacti-input bookacti-onoffswitch-checkboxbookacti-form-field bookacti-remember' \r\n\t\t\t\t   autocomplete='off'\r\n\t\t\t\t   value='1' \r\n\t\t\t\t\t\t\t\/>\r\n\t\t\t\t\t\t<div class='bookacti-onoffswitch-knobs'><\/div>\r\n\t\t\t<div class='bookacti-onoffswitch-layer'><\/div>\r\n\t\t<\/div>\r\n\t\t\t\t\t\t\t<\/div>\n\t\t\t\t\t\t\t\t\t<\/div>\n\t\t\t\t\t\t\t<\/div>\n\t\t\t\t\t\t\t\t<div class='bookacti-register-fields' id='bookacti-form-field-login-2-form-1-254277164-register-fields' style='display:none;' >\n\t\t\t\t\t\t\t\t\t\t\t\t\t\t<div class='bookacti-form-field-login-field-container bookacti-login-field-first_name' id='bookacti-form-field-login-2-form-1-254277164-first_name-container' data-field-name='first_name' data-field-type='text'>\n\t\t\t\t\t\t\t\t\t\t\t\t\t\t\t\t\t\t\t<div class='bookacti-form-field-label' >\n\t\t\t\t\t\t\t\t\t\t\t<label for='bookacti-form-field-login-2-form-1-254277164-first_name' >\n\t\t\t\t\t\t\t\t\t\t\tPr\u00e9nom\t\t\t\t\t\t\t\t\t\t\t<\/label>\n\t\t\t\t\t\t\t\t\t\t\t\t\t\t\t\t\t\t\t\t<\/div>\n\t\t\t\t\t\t\t\t\t\t\t\t\t\t\t\t\t\t<div class='bookacti-form-field-content' >\n\t\t\t\t\t\t\t\t\t\t\t<input type='text' \r\n\t\t\t\tname='first_name' \r\n\t\t\t\tvalue='' \r\n\t\t\t\tautocomplete='off'\r\n\t\t\t\tid='bookacti-form-field-login-2-form-1-254277164-first_name' \r\n\t\t\t\tclass='bookacti-input bookacti-form-field bookacti-first_name' \r\n\t\t\t\t\t\t\tplaceholder='' \r\n\t\t\t\t\t\/>\r\n\t\t\t\t\t\t\t\t\t\t<\/div>\n\t\t\t\t\t\t\t\t\t\t\t\t\t\t\t\t\t<\/div>\n\t\t\t\t\t\t\t\t\t\t\t\t\t\t\t<div class='bookacti-form-field-login-field-container bookacti-login-field-last_name' id='bookacti-form-field-login-2-form-1-254277164-last_name-container' data-field-name='last_name' data-field-type='text'>\n\t\t\t\t\t\t\t\t\t\t\t\t\t\t\t\t\t\t\t<div class='bookacti-form-field-label' >\n\t\t\t\t\t\t\t\t\t\t\t<label for='bookacti-form-field-login-2-form-1-254277164-last_name' >\n\t\t\t\t\t\t\t\t\t\t\tNom\t\t\t\t\t\t\t\t\t\t\t<\/label>\n\t\t\t\t\t\t\t\t\t\t\t\t\t\t\t\t\t\t\t\t<\/div>\n\t\t\t\t\t\t\t\t\t\t\t\t\t\t\t\t\t\t<div class='bookacti-form-field-content' >\n\t\t\t\t\t\t\t\t\t\t\t<input type='text' \r\n\t\t\t\tname='last_name' \r\n\t\t\t\tvalue='' \r\n\t\t\t\tautocomplete='off'\r\n\t\t\t\tid='bookacti-form-field-login-2-form-1-254277164-last_name' \r\n\t\t\t\tclass='bookacti-input bookacti-form-field bookacti-last_name' \r\n\t\t\t\t\t\t\tplaceholder='' \r\n\t\t\t\t\t\/>\r\n\t\t\t\t\t\t\t\t\t\t<\/div>\n\t\t\t\t\t\t\t\t\t\t\t\t\t\t\t\t\t<\/div>\n\t\t\t\t\t\t\t\t\t\t\t\t\t\t\t<div class='bookacti-form-field-login-field-container bookacti-login-field-phone' id='bookacti-form-field-login-2-form-1-254277164-phone-container' data-field-name='phone' data-field-type='tel'>\n\t\t\t\t\t\t\t\t\t\t\t\t\t\t\t\t\t\t\t<div class='bookacti-form-field-label' >\n\t\t\t\t\t\t\t\t\t\t\t<label for='bookacti-form-field-login-2-form-1-254277164-phone' >\n\t\t\t\t\t\t\t\t\t\t\tNum\u00e9ro de t\u00e9l\u00e9phone\t\t\t\t\t\t\t\t\t\t\t<\/label>\n\t\t\t\t\t\t\t\t\t\t\t\t\t\t\t\t\t\t\t\t<\/div>\n\t\t\t\t\t\t\t\t\t\t\t\t\t\t\t\t\t\t<div class='bookacti-form-field-content' >\n\t\t\t\t\t\t\t\t\t\t\t<input type='tel' \r\n\t\t\t\tname='phone' \r\n\t\t\t\tvalue='' \r\n\t\t\t\tautocomplete='off'\r\n\t\t\t\tid='bookacti-form-field-login-2-form-1-254277164-phone' \r\n\t\t\t\tclass='bookacti-input bookacti-form-field bookacti-phone' \r\n\t\t\t\t\t\t\tplaceholder='' \r\n\t\t\t\t\t\/>\r\n\t\t\t\t\t\t\t\t\t\t<\/div>\n\t\t\t\t\t\t\t\t\t\t\t\t\t\t\t\t\t<\/div>\n\t\t\t\t\t\t\t\t\t\t\t\t<\/div>\n\t\t\t\t\t\t\t<div class='bookacti-form-field-login-field-container bookacti-login-field-submit-button' id='bookacti-form-field-login-2-form-1-254277164-submit-button' style='display:none;'>\n\t\t\t\t<input type='button' value='Se connecter' class='bookacti-login-button button' data-login-label='Se connecter' data-register-label='Inscription'\/>\n\t\t\t<\/div>\n\t\t\t\t\t<\/div>\n\t<\/div>\n\t\t<div class='bookacti-form-field-container bookacti-form-field-name-quantity bookacti-form-field-type-quantity bookacti-form-field-id-3' id='bookacti-form-field-quantity-3-form-1-254277164' data-field-name=\"quantity\" data-field-type=\"quantity\" data-field-id=\"3\">\n\t\t\t<div class='bookacti-form-field-label' >\n\t\t\t<label>\n\t\t\tQuantit\u00e9<span class=\"bookacti-required-field-indicator\" title=\"Champ obligatoire\"><\/span>\t\t\t<\/label>\n\t\t\t\t<\/div>\n\t\t\t<div class='bookacti-form-field-content' >\n\t\t\t\t<input type='number' \r\n\t\t\t\tname='quantity' \r\n\t\t\t\tvalue='1' \r\n\t\t\t\tautocomplete='off'\r\n\t\t\t\tid='5d0508bbf561d3f3ddaa92c095e222cd' \r\n\t\t\t\tclass='bookacti-input bookacti-form-field bookacti-quantity' \r\n\t\t\t\t\t\t\tplaceholder='' \r\n\t\t\t\t\t\t\tmin='1' \r\n\t\t\t\tmax=''\r\n\t\t\t\tstep=''\r\n\t\t\t\t\t\/>\r\n\t\t\t<\/div>\n\t<\/div>\n\t<div class='bookacti-form-field-container bookacti-form-field-name-submit bookacti-form-field-type-submit bookacti-form-field-id-4' id='bookacti-form-field-submit-4-form-1-254277164' data-field-name=\"submit\" data-field-type=\"submit\" data-field-id=\"4\">\n\t\t<input type='submit' class='bookacti-submit-form button' value='R\u00e9server'\/>\n\t\t<input type='button' class='bookacti-new-booking-button button' value='Faire une nouvelle r\u00e9servation' style='display:none;'\/>\n\t<\/div>\n\t\t\t\t<div class='bookacti-notices' style='display:none;'><\/div>\n\t\t\t<\/form>\n\t\n\n\n\n<h5 class=\"wp-block-heading\">R\u00e8glement int\u00e9rieur de la salle<\/h5>\n\n\n\n<p>La salle de musculation est lou\u00e9e par ProSportConcept \u00e0 la SCI \u00ab&nbsp;UST AMIS&nbsp;\u00bb. Elle offre la possibilit\u00e9 de mettre \u00e0 disposition pour des coachings personnel ou entrainement la salle et les machines.<\/p>\n\n\n\n<p>Il a \u00e9t\u00e9 d\u00e9cid\u00e9 de mettre un r\u00e8glement suite \u00e0 plusieurs dysfonctionnements&nbsp;:<\/p>\n\n\n\n<p>Les signataires, sont les formateurs, les stagiaires de la formation, les salari\u00e9s de ProSportConcept, les coachs ayant droit et les sportifs en suivi.<\/p>\n\n\n\n<p>Aucun mat\u00e9riel ne doit sortir de la salle<\/p>\n\n\n\n<p>Tout le mat\u00e9riel d\u00e9grad\u00e9 dans leur condition normal d\u2019utilisation doit \u00eatre signal\u00e9<\/p>\n\n\n\n<p>Tout le mat\u00e9riel d\u00e9grad\u00e9 dans des conditions anormal d\u2019utilisation fera l\u2019objet d\u2019une facturation<\/p>\n\n\n\n<p>L\u2019utilisation de chaussures propres \u00e0 usage exclusive de la salle est OBLIGATOIRE.<\/p>\n\n\n\n<p>Le rangement du mat\u00e9riel \u00e0 la fin de la s\u00e9ance est OBLIGATOIRE<\/p>\n\n\n\n<p>A la fin de la s\u00e9ance un nettoyage du mat\u00e9riel et de la salle est OBLIGATOIRE (d\u00e9sinfection compris)<\/p>\n\n\n\n<p>La r\u00e9servation se fait via le site internet au minimum 24 h \u00e0 l\u2019avance, ProSportConcept se r\u00e9serve le droit de ne pas accepter la r\u00e9servation. Dans ce cas vous recevrez un mail pour vous le signifier.<\/p>\n\n\n\n<p>Tout manquement aux r\u00e8gles pourra faire l\u2019objet d\u2019une interdiction de salle<\/p>\n\n\n\n<p>L\u2019utilisation du syst\u00e8me de sono est interdite une enceinte Bluetooth est mise \u00e0 disposition<\/p>\n\n\n\n<p><\/p>\n","protected":false},"excerpt":{"rendered":"<p>R\u00e9servation de la salle ATTENTION PAS DE SEANCE le 30 AVRIL au STUDIO !!! possibilit\u00e9 d&rsquo;avoir acces en haut de l&rsquo;OF R\u00e8glement int\u00e9rieur de la salle La salle de musculation est lou\u00e9e par ProSportConcept \u00e0 la SCI \u00ab&nbsp;UST AMIS&nbsp;\u00bb. Elle offre la possibilit\u00e9 de mettre \u00e0 disposition pour des coachings personnel ou entrainement la salle [&hellip;]<\/p>\n","protected":false},"author":1,"featured_media":0,"parent":0,"menu_order":0,"comment_status":"closed","ping_status":"open","template":"page-templates\/full-width-page.php","meta":{"footnotes":""},"class_list":["post-2","page","type-page","status-publish","hentry"],"_links":{"self":[{"href":"https:\/\/www.psccoaching.fr\/index.php\/wp-json\/wp\/v2\/pages\/2","targetHints":{"allow":["GET"]}}],"collection":[{"href":"https:\/\/www.psccoaching.fr\/index.php\/wp-json\/wp\/v2\/pages"}],"about":[{"href":"https:\/\/www.psccoaching.fr\/index.php\/wp-json\/wp\/v2\/types\/page"}],"author":[{"embeddable":true,"href":"https:\/\/www.psccoaching.fr\/index.php\/wp-json\/wp\/v2\/users\/1"}],"replies":[{"embeddable":true,"href":"https:\/\/www.psccoaching.fr\/index.php\/wp-json\/wp\/v2\/comments?post=2"}],"version-history":[{"count":20,"href":"https:\/\/www.psccoaching.fr\/index.php\/wp-json\/wp\/v2\/pages\/2\/revisions"}],"predecessor-version":[{"id":424,"href":"https:\/\/www.psccoaching.fr\/index.php\/wp-json\/wp\/v2\/pages\/2\/revisions\/424"}],"wp:attachment":[{"href":"https:\/\/www.psccoaching.fr\/index.php\/wp-json\/wp\/v2\/media?parent=2"}],"curies":[{"name":"wp","href":"https:\/\/api.w.org\/{rel}","templated":true}]}}